{"id":6,"date":"2022-10-18T23:56:07","date_gmt":"2022-10-18T23:56:07","guid":{"rendered":"https:\/\/faoenva.cl\/catalogo\/productos\/"},"modified":"2023-01-15T21:25:05","modified_gmt":"2023-01-15T21:25:05","slug":"productos","status":"publish","type":"page","link":"https:\/\/faoenva.cl\/catalogo\/productos\/","title":{"rendered":"Productos"},"content":{"rendered":"            <div id=\"product_listing\" class=\"post-6 type-page status-publish has-post-thumbnail hentry al_product responsive\">\n\t\t\t<div class=\"ic-catalog-container\"><p id=\"breadcrumbs\"><span><span class=\"breadcrumbs-home\"><a href=\"https:\/\/faoenva.cl\/catalogo\"><span>Inicio<\/span><\/a><\/span> \u00bb <span class=\"breadcrumbs-product-archive\"><a href=\"https:\/\/faoenva.cl\/catalogo\/productos\/\"><span>Productos<\/span><\/a><\/span><\/span><\/p><h2 class=\"catalog-header\">Categor\u00edas Principales<\/h2><div class=\"product-subcategories responsive list \">\r\n\t\r\n\r\n<div class=\"archive-listing category-3 list top-category\">\r\n\t<a href=\"https:\/\/faoenva.cl\/catalogo\/products-category\/agua-frio\/\"><span class=\"div-link\"><\/span><\/a>\r\n\t<div class=\"classic-list-image-wrapper\"><div class=\"pseudo\"><\/div><img loading=\"lazy\" decoding=\"async\" width=\"160\" height=\"160\" src=\"https:\/\/faoenva.cl\/catalogo\/wp-content\/uploads\/2023\/01\/icono-linea-agua-frio-160x160.jpg\" class=\"classic-list-image\" alt=\"L\u00ednea Agua y Fr\u00edo\" srcset=\"https:\/\/faoenva.cl\/catalogo\/wp-content\/uploads\/2023\/01\/icono-linea-agua-frio-160x160.jpg 160w, https:\/\/faoenva.cl\/catalogo\/wp-content\/uploads\/2023\/01\/icono-linea-agua-frio-150x150.jpg 150w, https:\/\/faoenva.cl\/catalogo\/wp-content\/uploads\/2023\/01\/icono-linea-agua-frio.jpg 300w\" sizes=\"auto, (max-width: 160px) 100vw, 160px\" \/><\/div>\r\n\t<div class=\"product-name\">L\u00ednea Agua y Fr\u00edo<\/div>\r\n\t<div class=\"product-short-descr\">\r\n\t\t<p><\/p>\r\n\t<\/div>\r\n<\/div>\r\n\r\n\r\n\r\n<div class=\"archive-listing category-2 list top-category\">\r\n\t<a href=\"https:\/\/faoenva.cl\/catalogo\/products-category\/basica\/\"><span class=\"div-link\"><\/span><\/a>\r\n\t<div class=\"classic-list-image-wrapper\"><div class=\"pseudo\"><\/div><img loading=\"lazy\" decoding=\"async\" width=\"160\" height=\"160\" src=\"https:\/\/faoenva.cl\/catalogo\/wp-content\/uploads\/2023\/01\/icono-linea-basica-160x160.jpg\" class=\"classic-list-image\" alt=\"Linea B\u00e1sica\" srcset=\"https:\/\/faoenva.cl\/catalogo\/wp-content\/uploads\/2023\/01\/icono-linea-basica-160x160.jpg 160w, https:\/\/faoenva.cl\/catalogo\/wp-content\/uploads\/2023\/01\/icono-linea-basica-150x150.jpg 150w, https:\/\/faoenva.cl\/catalogo\/wp-content\/uploads\/2023\/01\/icono-linea-basica.jpg 300w\" sizes=\"auto, (max-width: 160px) 100vw, 160px\" \/><\/div>\r\n\t<div class=\"product-name\">Linea B\u00e1sica<\/div>\r\n\t<div class=\"product-short-descr\">\r\n\t\t<p><\/p>\r\n\t<\/div>\r\n<\/div>\r\n\r\n\r\n\r\n<div class=\"archive-listing category-6 list top-category\">\r\n\t<a href=\"https:\/\/faoenva.cl\/catalogo\/products-category\/linea-grasas\/\"><span class=\"div-link\"><\/span><\/a>\r\n\t<div class=\"classic-list-image-wrapper\"><div class=\"pseudo\"><\/div><img loading=\"lazy\" decoding=\"async\" width=\"160\" height=\"160\" src=\"https:\/\/faoenva.cl\/catalogo\/wp-content\/uploads\/2023\/01\/icono-linea-grasas-160x160.jpg\" class=\"classic-list-image\" alt=\"Linea Grasas\" srcset=\"https:\/\/faoenva.cl\/catalogo\/wp-content\/uploads\/2023\/01\/icono-linea-grasas-160x160.jpg 160w, https:\/\/faoenva.cl\/catalogo\/wp-content\/uploads\/2023\/01\/icono-linea-grasas-150x150.jpg 150w, https:\/\/faoenva.cl\/catalogo\/wp-content\/uploads\/2023\/01\/icono-linea-grasas.jpg 300w\" sizes=\"auto, (max-width: 160px) 100vw, 160px\" \/><\/div>\r\n\t<div class=\"product-name\">Linea Grasas<\/div>\r\n\t<div class=\"product-short-descr\">\r\n\t\t<p><\/p>\r\n\t<\/div>\r\n<\/div>\r\n\r\n\r\n\r\n<div class=\"archive-listing category-5 list top-category\">\r\n\t<a href=\"https:\/\/faoenva.cl\/catalogo\/products-category\/limpieza\/\"><span class=\"div-link\"><\/span><\/a>\r\n\t<div class=\"classic-list-image-wrapper\"><div class=\"pseudo\"><\/div><img loading=\"lazy\" decoding=\"async\" width=\"160\" height=\"160\" src=\"https:\/\/faoenva.cl\/catalogo\/wp-content\/uploads\/2023\/01\/icono-linea-limpieza-160x160.jpg\" class=\"classic-list-image\" alt=\"Linea Limpieza\" srcset=\"https:\/\/faoenva.cl\/catalogo\/wp-content\/uploads\/2023\/01\/icono-linea-limpieza-160x160.jpg 160w, https:\/\/faoenva.cl\/catalogo\/wp-content\/uploads\/2023\/01\/icono-linea-limpieza-150x150.jpg 150w, https:\/\/faoenva.cl\/catalogo\/wp-content\/uploads\/2023\/01\/icono-linea-limpieza.jpg 300w\" sizes=\"auto, (max-width: 160px) 100vw, 160px\" \/><\/div>\r\n\t<div class=\"product-name\">Linea Limpieza<\/div>\r\n\t<div class=\"product-short-descr\">\r\n\t\t<p><\/p>\r\n\t<\/div>\r\n<\/div>\r\n\r\n\r\n\r\n<div class=\"archive-listing category-4 list top-category\">\r\n\t<a href=\"https:\/\/faoenva.cl\/catalogo\/products-category\/mantencion\/\"><span class=\"div-link\"><\/span><\/a>\r\n\t<div class=\"classic-list-image-wrapper\"><div class=\"pseudo\"><\/div><img loading=\"lazy\" decoding=\"async\" width=\"160\" height=\"160\" src=\"https:\/\/faoenva.cl\/catalogo\/wp-content\/uploads\/2023\/01\/icono-linea-mantencion-160x160.jpg\" class=\"classic-list-image\" alt=\"Linea Mantenci\u00f3n\" srcset=\"https:\/\/faoenva.cl\/catalogo\/wp-content\/uploads\/2023\/01\/icono-linea-mantencion-160x160.jpg 160w, https:\/\/faoenva.cl\/catalogo\/wp-content\/uploads\/2023\/01\/icono-linea-mantencion-150x150.jpg 150w, https:\/\/faoenva.cl\/catalogo\/wp-content\/uploads\/2023\/01\/icono-linea-mantencion.jpg 300w\" sizes=\"auto, (max-width: 160px) 100vw, 160px\" \/><\/div>\r\n\t<div class=\"product-name\">Linea Mantenci\u00f3n<\/div>\r\n\t<div class=\"product-short-descr\">\r\n\t\t<p><\/p>\r\n\t<\/div>\r\n<\/div>\r\n\r\n<\/div>\r\n<div id=\"product_filters_bar\" class=\"product-sort-bar green-box ic-design \"><div id=\"product_search-1\" class=\"filter-widget product_search search widget_search\">    <form role=\"search\" class=\"green-box ic-design\" method=\"get\"\r\n          id=\"product_search_form\" action=\"https:\/\/faoenva.cl\/catalogo\/\">\r\n\t\t<input type=\"hidden\" name=\"post_type\" value=\"al_product\" \/>        <div class=\"ic-search-container\">\r\n\t\t\t            <input class=\"product-search-box\" type=\"search\" value=\"\" name=\"s\"\r\n                   placeholder=\"B\u00fasqueda de productos\"\/>\r\n            <input class=\"product-search-submit\" type=\"submit\" id=\"searchsubmit\"\r\n                   value=\"\"\/>\r\n        <\/div>\r\n    <\/form>\r\n\t<\/div><div class=\"clear-both\"><\/div><\/div><div class=\"product-list responsive list \" >\r\n<div class=\"archive-listing product-119 list publish no-price\">\r\n\t<a href=\"https:\/\/faoenva.cl\/catalogo\/productos\/esponja-griega\/\"><span class=\"div-link\"><\/span><\/a>\r\n\t<div class=\"classic-list-image-wrapper\"><div class=\"pseudo\"><\/div><img loading=\"lazy\" decoding=\"async\" width=\"221\" height=\"160\" src=\"https:\/\/faoenva.cl\/catalogo\/wp-content\/uploads\/2023\/01\/esponja_greca-221x160.png\" class=\"classic-list-image\" alt=\"Esponja Griega\" srcset=\"https:\/\/faoenva.cl\/catalogo\/wp-content\/uploads\/2023\/01\/esponja_greca-221x160.png 221w, https:\/\/faoenva.cl\/catalogo\/wp-content\/uploads\/2023\/01\/esponja_greca-300x217.png 300w, https:\/\/faoenva.cl\/catalogo\/wp-content\/uploads\/2023\/01\/esponja_greca-768x556.png 768w, https:\/\/faoenva.cl\/catalogo\/wp-content\/uploads\/2023\/01\/esponja_greca-600x434.png 600w, https:\/\/faoenva.cl\/catalogo\/wp-content\/uploads\/2023\/01\/esponja_greca.png 817w\" sizes=\"auto, (max-width: 221px) 100vw, 221px\" \/><\/div>\r\n\t<div class=\"product-name\">Esponja Griega<\/div>\r\n\t<div class=\"product-short-descr\"><p>Extra Resistencia al roce. M\u00e1xima retenci\u00f3n de agua. Para todo tipo de uso: Autom\u00f3viles, ba\u00f1o, construcci\u00f3n, freg\u00fce y otros.<\/p><\/div>\r\n\t\t\t<\/div>\r\n\r\n\r\n<div class=\"archive-listing product-117 list publish no-price\">\r\n\t<a href=\"https:\/\/faoenva.cl\/catalogo\/productos\/abrillantador-de-focos-50-grs\/\"><span class=\"div-link\"><\/span><\/a>\r\n\t<div class=\"classic-list-image-wrapper\"><div class=\"pseudo\"><\/div><img loading=\"lazy\" decoding=\"async\" width=\"184\" height=\"160\" src=\"https:\/\/faoenva.cl\/catalogo\/wp-content\/uploads\/2023\/01\/abrillantador-184x160.png\" class=\"classic-list-image\" alt=\"Abrillantador de Focos 50 grs.\" srcset=\"https:\/\/faoenva.cl\/catalogo\/wp-content\/uploads\/2023\/01\/abrillantador-184x160.png 184w, https:\/\/faoenva.cl\/catalogo\/wp-content\/uploads\/2023\/01\/abrillantador-300x261.png 300w, https:\/\/faoenva.cl\/catalogo\/wp-content\/uploads\/2023\/01\/abrillantador-600x521.png 600w, https:\/\/faoenva.cl\/catalogo\/wp-content\/uploads\/2023\/01\/abrillantador.png 680w\" sizes=\"auto, (max-width: 184px) 100vw, 184px\" \/><\/div>\r\n\t<div class=\"product-name\">Abrillantador de Focos 50 grs.<\/div>\r\n\t<div class=\"product-short-descr\"><p>Aumente la luz que se percibe de sus focos, depurando el pl\u00e1stico que los cubre.<\/p><\/div>\r\n\t\t\t<\/div>\r\n\r\n\r\n<div class=\"archive-listing product-87 list publish no-price\">\r\n\t<a href=\"https:\/\/faoenva.cl\/catalogo\/productos\/anti-escarcha-250-cc\/\"><span class=\"div-link\"><\/span><\/a>\r\n\t<div class=\"classic-list-image-wrapper\"><div class=\"pseudo\"><\/div><img loading=\"lazy\" decoding=\"async\" width=\"92\" height=\"160\" src=\"https:\/\/faoenva.cl\/catalogo\/wp-content\/uploads\/2022\/11\/Antiescarcha-250-cc-92x160.jpg\" class=\"classic-list-image\" alt=\"Anti escarcha 250 cc.\" srcset=\"https:\/\/faoenva.cl\/catalogo\/wp-content\/uploads\/2022\/11\/Antiescarcha-250-cc-92x160.jpg 92w, https:\/\/faoenva.cl\/catalogo\/wp-content\/uploads\/2022\/11\/Antiescarcha-250-cc-172x300.jpg 172w, https:\/\/faoenva.cl\/catalogo\/wp-content\/uploads\/2022\/11\/Antiescarcha-250-cc-587x1024.jpg 587w, https:\/\/faoenva.cl\/catalogo\/wp-content\/uploads\/2022\/11\/Antiescarcha-250-cc-344x600.jpg 344w, https:\/\/faoenva.cl\/catalogo\/wp-content\/uploads\/2022\/11\/Antiescarcha-250-cc.jpg 591w\" sizes=\"auto, (max-width: 92px) 100vw, 92px\" \/><\/div>\r\n\t<div class=\"product-name\">Anti escarcha 250 cc.<\/div>\r\n\t<div class=\"product-short-descr\"><p>L\u00edquido descongelante. Evite la ceguera del conductor. Producto listo para usar, no da\u00f1a los vidrios, pintura ni encerado.<\/p><\/div>\r\n\t\t\t<\/div>\r\n\r\n\r\n<div class=\"archive-listing product-85 list publish no-price\">\r\n\t<a href=\"https:\/\/faoenva.cl\/catalogo\/productos\/jabon-mecanico-sin-enjuague\/\"><span class=\"div-link\"><\/span><\/a>\r\n\t<div class=\"classic-list-image-wrapper\"><div class=\"pseudo\"><\/div><img loading=\"lazy\" decoding=\"async\" width=\"72\" height=\"160\" src=\"https:\/\/faoenva.cl\/catalogo\/wp-content\/uploads\/2022\/11\/Jabon-mecanico-sin-enjuague-72x160.jpg\" class=\"classic-list-image\" alt=\"Jab\u00f3n Mec\u00e1nico sin enjuague\" srcset=\"https:\/\/faoenva.cl\/catalogo\/wp-content\/uploads\/2022\/11\/Jabon-mecanico-sin-enjuague-72x160.jpg 72w, https:\/\/faoenva.cl\/catalogo\/wp-content\/uploads\/2022\/11\/Jabon-mecanico-sin-enjuague-135x300.jpg 135w, https:\/\/faoenva.cl\/catalogo\/wp-content\/uploads\/2022\/11\/Jabon-mecanico-sin-enjuague-461x1024.jpg 461w, https:\/\/faoenva.cl\/catalogo\/wp-content\/uploads\/2022\/11\/Jabon-mecanico-sin-enjuague-270x600.jpg 270w, https:\/\/faoenva.cl\/catalogo\/wp-content\/uploads\/2022\/11\/Jabon-mecanico-sin-enjuague.jpg 591w\" sizes=\"auto, (max-width: 72px) 100vw, 72px\" \/><\/div>\r\n\t<div class=\"product-name\">Jab\u00f3n Mec\u00e1nico sin enjuague<\/div>\r\n\t<div class=\"product-short-descr\"><p>El jab\u00f3n mec\u00e1nico SIN ENJUAGU\u00c9. Microexfoliente y proporciona una capa protectora a las manos para que no se da\u00f1en. Deja un exquisito aroma a Naranja<\/p><\/div>\r\n\t\t\t<\/div>\r\n\r\n\r\n<div class=\"archive-listing product-83 list publish no-price\">\r\n\t<a href=\"https:\/\/faoenva.cl\/catalogo\/productos\/limpiador-de-radiador-50-grs\/\"><span class=\"div-link\"><\/span><\/a>\r\n\t<div class=\"classic-list-image-wrapper\"><div class=\"pseudo\"><\/div><img loading=\"lazy\" decoding=\"async\" width=\"107\" height=\"160\" src=\"https:\/\/faoenva.cl\/catalogo\/wp-content\/uploads\/2022\/11\/limpiador-107x160.jpg\" class=\"classic-list-image\" alt=\"Limpiador de Radiador 50 grs.\" srcset=\"https:\/\/faoenva.cl\/catalogo\/wp-content\/uploads\/2022\/11\/limpiador-107x160.jpg 107w, https:\/\/faoenva.cl\/catalogo\/wp-content\/uploads\/2022\/11\/limpiador-201x300.jpg 201w, https:\/\/faoenva.cl\/catalogo\/wp-content\/uploads\/2022\/11\/limpiador-401x600.jpg 401w, https:\/\/faoenva.cl\/catalogo\/wp-content\/uploads\/2022\/11\/limpiador.jpg 591w\" sizes=\"auto, (max-width: 107px) 100vw, 107px\" \/><\/div>\r\n\t<div class=\"product-name\">Limpiador de Radiador 50 grs.<\/div>\r\n\t<div class=\"product-short-descr\"><p>Con este producto podr\u00e1s eliminar las incrustaciones e impuresas causadas por corrosi\u00f3n en el sistema de enfriamiento de radiadores, m\u00e1quinas, veh\u00edculos, etc.<\/p><\/div>\r\n\t\t\t<\/div>\r\n\r\n\r\n<div class=\"archive-listing product-81 list publish no-price\">\r\n\t<a href=\"https:\/\/faoenva.cl\/catalogo\/productos\/sellador-de-radiador-50-grs\/\"><span class=\"div-link\"><\/span><\/a>\r\n\t<div class=\"classic-list-image-wrapper\"><div class=\"pseudo\"><\/div><img loading=\"lazy\" decoding=\"async\" width=\"111\" height=\"160\" src=\"https:\/\/faoenva.cl\/catalogo\/wp-content\/uploads\/2022\/11\/sellador-111x160.jpg\" class=\"classic-list-image\" alt=\"Sellador de Radiador 50 grs\" srcset=\"https:\/\/faoenva.cl\/catalogo\/wp-content\/uploads\/2022\/11\/sellador-111x160.jpg 111w, https:\/\/faoenva.cl\/catalogo\/wp-content\/uploads\/2022\/11\/sellador-208x300.jpg 208w, https:\/\/faoenva.cl\/catalogo\/wp-content\/uploads\/2022\/11\/sellador-417x600.jpg 417w, https:\/\/faoenva.cl\/catalogo\/wp-content\/uploads\/2022\/11\/sellador.jpg 591w\" sizes=\"auto, (max-width: 111px) 100vw, 111px\" \/><\/div>\r\n\t<div class=\"product-name\">Sellador de Radiador 50 grs<\/div>\r\n\t<div class=\"product-short-descr\"><p>Este producto se ha dise\u00f1ado para terminar definitivamente con las fugas de su radiador, creando un tap\u00f3n sumamente resistente y en forma casi inmediata. Atasca el punto exacto sin interferir con las ca\u00f1er\u00edas.<\/p><\/div>\r\n\t\t\t<\/div>\r\n\r\n\r\n<div class=\"archive-listing product-79 list publish no-price\">\r\n\t<a href=\"https:\/\/faoenva.cl\/catalogo\/productos\/anti-empanante-250-cc\/\"><span class=\"div-link\"><\/span><\/a>\r\n\t<div class=\"classic-list-image-wrapper\"><div class=\"pseudo\"><\/div><img loading=\"lazy\" decoding=\"async\" width=\"92\" height=\"160\" src=\"https:\/\/faoenva.cl\/catalogo\/wp-content\/uploads\/2022\/11\/Antiempanante-250-cc-92x160.jpg\" class=\"classic-list-image\" alt=\"Anti empa\u00f1ante 250 cc.\" srcset=\"https:\/\/faoenva.cl\/catalogo\/wp-content\/uploads\/2022\/11\/Antiempanante-250-cc-92x160.jpg 92w, https:\/\/faoenva.cl\/catalogo\/wp-content\/uploads\/2022\/11\/Antiempanante-250-cc-172x300.jpg 172w, https:\/\/faoenva.cl\/catalogo\/wp-content\/uploads\/2022\/11\/Antiempanante-250-cc-587x1024.jpg 587w, https:\/\/faoenva.cl\/catalogo\/wp-content\/uploads\/2022\/11\/Antiempanante-250-cc-344x600.jpg 344w, https:\/\/faoenva.cl\/catalogo\/wp-content\/uploads\/2022\/11\/Antiempanante-250-cc.jpg 591w\" sizes=\"auto, (max-width: 92px) 100vw, 92px\" \/><\/div>\r\n\t<div class=\"product-name\">Anti empa\u00f1ante 250 cc.<\/div>\r\n\t<div class=\"product-short-descr\"><p>Evita que los vidrios del auto se empa\u00f1en, las viseras de los cascos de los motoristas y de los lentes.<\/p><\/div>\r\n\t\t\t<\/div>\r\n\r\n\r\n<div class=\"archive-listing product-77 list publish no-price\">\r\n\t<a href=\"https:\/\/faoenva.cl\/catalogo\/productos\/display-fusibles\/\"><span class=\"div-link\"><\/span><\/a>\r\n\t<div class=\"classic-list-image-wrapper\"><div class=\"pseudo\"><\/div><img loading=\"lazy\" decoding=\"async\" width=\"177\" height=\"160\" src=\"https:\/\/faoenva.cl\/catalogo\/wp-content\/uploads\/2022\/11\/Fusibles-177x160.jpg\" class=\"classic-list-image\" alt=\"Display Fusibles\" srcset=\"https:\/\/faoenva.cl\/catalogo\/wp-content\/uploads\/2022\/11\/Fusibles-177x160.jpg 177w, https:\/\/faoenva.cl\/catalogo\/wp-content\/uploads\/2022\/11\/Fusibles-300x271.jpg 300w, https:\/\/faoenva.cl\/catalogo\/wp-content\/uploads\/2022\/11\/Fusibles-600x541.jpg 600w, https:\/\/faoenva.cl\/catalogo\/wp-content\/uploads\/2022\/11\/Fusibles.jpg 655w\" sizes=\"auto, (max-width: 177px) 100vw, 177px\" \/><\/div>\r\n\t<div class=\"product-name\">Display Fusibles<\/div>\r\n\t<div class=\"product-short-descr\"><p>Display con fusibles surtidos, para reemplazar el da\u00f1ado y estar preparado ante cualquier eventualidad.<\/p><\/div>\r\n\t\t\t<\/div>\r\n\r\n\r\n<div class=\"archive-listing product-75 list publish no-price\">\r\n\t<a href=\"https:\/\/faoenva.cl\/catalogo\/productos\/pasta-de-pulir-con-cera-300-grs\/\"><span class=\"div-link\"><\/span><\/a>\r\n\t<div class=\"classic-list-image-wrapper\"><div class=\"pseudo\"><\/div><img loading=\"lazy\" decoding=\"async\" width=\"185\" height=\"160\" src=\"https:\/\/faoenva.cl\/catalogo\/wp-content\/uploads\/2022\/11\/Pasta-de-Pulir-1-185x160.jpg\" class=\"classic-list-image\" alt=\"Pasta de Pulir con cera 300 grs.\" srcset=\"https:\/\/faoenva.cl\/catalogo\/wp-content\/uploads\/2022\/11\/Pasta-de-Pulir-1-185x160.jpg 185w, https:\/\/faoenva.cl\/catalogo\/wp-content\/uploads\/2022\/11\/Pasta-de-Pulir-1-300x259.jpg 300w, https:\/\/faoenva.cl\/catalogo\/wp-content\/uploads\/2022\/11\/Pasta-de-Pulir-1-600x518.jpg 600w, https:\/\/faoenva.cl\/catalogo\/wp-content\/uploads\/2022\/11\/Pasta-de-Pulir-1.jpg 685w\" sizes=\"auto, (max-width: 185px) 100vw, 185px\" \/><\/div>\r\n\t<div class=\"product-name\">Pasta de Pulir con cera 300 grs.<\/div>\r\n\t<div class=\"product-short-descr\"><p>Pula y deje su veh\u00edculo brillante con este producto, todo de una vez. Se puede aplicar de manera manual o mediante m\u00e1quina. Instrucciones en la etiqueta del producto.<\/p><\/div>\r\n\t\t\t<\/div>\r\n\r\n\r\n<div class=\"archive-listing product-73 list publish no-price\">\r\n\t<a href=\"https:\/\/faoenva.cl\/catalogo\/productos\/renovador-de-gomas-250-cc\/\"><span class=\"div-link\"><\/span><\/a>\r\n\t<div class=\"classic-list-image-wrapper\"><div class=\"pseudo\"><\/div><img loading=\"lazy\" decoding=\"async\" width=\"97\" height=\"160\" src=\"https:\/\/faoenva.cl\/catalogo\/wp-content\/uploads\/2022\/11\/Renovador-de-gomas-250-cc-97x160.jpg\" class=\"classic-list-image\" alt=\"Renovador de Gomas 250 cc.\" srcset=\"https:\/\/faoenva.cl\/catalogo\/wp-content\/uploads\/2022\/11\/Renovador-de-gomas-250-cc-97x160.jpg 97w, https:\/\/faoenva.cl\/catalogo\/wp-content\/uploads\/2022\/11\/Renovador-de-gomas-250-cc-183x300.jpg 183w, https:\/\/faoenva.cl\/catalogo\/wp-content\/uploads\/2022\/11\/Renovador-de-gomas-250-cc-365x600.jpg 365w, https:\/\/faoenva.cl\/catalogo\/wp-content\/uploads\/2022\/11\/Renovador-de-gomas-250-cc.jpg 591w\" sizes=\"auto, (max-width: 97px) 100vw, 97px\" \/><\/div>\r\n\t<div class=\"product-name\">Renovador de Gomas 250 cc.<\/div>\r\n\t<div class=\"product-short-descr\"><p>Conserva tus neum\u00e1ticos y accesorios brillantes y con un aspecto renovado de manera sencilla en solo unos instantes.<\/p><\/div>\r\n\t\t\t<\/div>\r\n\r\n\r\n<div class=\"archive-listing product-71 list publish no-price\">\r\n\t<a href=\"https:\/\/faoenva.cl\/catalogo\/productos\/limpia-parabrizas-250-cc\/\"><span class=\"div-link\"><\/span><\/a>\r\n\t<div class=\"classic-list-image-wrapper\"><div class=\"pseudo\"><\/div><img loading=\"lazy\" decoding=\"async\" width=\"92\" height=\"160\" src=\"https:\/\/faoenva.cl\/catalogo\/wp-content\/uploads\/2022\/11\/Limpia-parabrizas-250-cc-92x160.jpg\" class=\"classic-list-image\" alt=\"Limpia Parabrizas 250 cc.\" srcset=\"https:\/\/faoenva.cl\/catalogo\/wp-content\/uploads\/2022\/11\/Limpia-parabrizas-250-cc-92x160.jpg 92w, https:\/\/faoenva.cl\/catalogo\/wp-content\/uploads\/2022\/11\/Limpia-parabrizas-250-cc-172x300.jpg 172w, https:\/\/faoenva.cl\/catalogo\/wp-content\/uploads\/2022\/11\/Limpia-parabrizas-250-cc-587x1024.jpg 587w, https:\/\/faoenva.cl\/catalogo\/wp-content\/uploads\/2022\/11\/Limpia-parabrizas-250-cc-344x600.jpg 344w, https:\/\/faoenva.cl\/catalogo\/wp-content\/uploads\/2022\/11\/Limpia-parabrizas-250-cc.jpg 591w\" sizes=\"auto, (max-width: 92px) 100vw, 92px\" \/><\/div>\r\n\t<div class=\"product-name\">Limpia Parabrizas 250 cc.<\/div>\r\n\t<div class=\"product-short-descr\"><p>Posee una f\u00f3rmula de secado ultra r\u00e1pido que permite una limpieza profunda, adem\u00e1s repele el polvo. Su exclusiva f\u00f3rmula es efectiva para la limpieza de todo tipo de vidrios.<\/p><\/div>\r\n\t\t\t<\/div>\r\n\r\n\r\n<div class=\"archive-listing product-69 list publish no-price\">\r\n\t<a href=\"https:\/\/faoenva.cl\/catalogo\/productos\/silicona-250-cc\/\"><span class=\"div-link\"><\/span><\/a>\r\n\t<div class=\"classic-list-image-wrapper\"><div class=\"pseudo\"><\/div><img loading=\"lazy\" decoding=\"async\" width=\"87\" height=\"160\" src=\"https:\/\/faoenva.cl\/catalogo\/wp-content\/uploads\/2022\/11\/Silicona-250-cc-87x160.jpg\" class=\"classic-list-image\" alt=\"Silicona 250 cc.\" srcset=\"https:\/\/faoenva.cl\/catalogo\/wp-content\/uploads\/2022\/11\/Silicona-250-cc-87x160.jpg 87w, https:\/\/faoenva.cl\/catalogo\/wp-content\/uploads\/2022\/11\/Silicona-250-cc-164x300.jpg 164w, https:\/\/faoenva.cl\/catalogo\/wp-content\/uploads\/2022\/11\/Silicona-250-cc-559x1024.jpg 559w, https:\/\/faoenva.cl\/catalogo\/wp-content\/uploads\/2022\/11\/Silicona-250-cc-327x600.jpg 327w, https:\/\/faoenva.cl\/catalogo\/wp-content\/uploads\/2022\/11\/Silicona-250-cc.jpg 591w\" sizes=\"auto, (max-width: 87px) 100vw, 87px\" \/><\/div>\r\n\t<div class=\"product-name\">Silicona 250 cc.<\/div>\r\n\t<div class=\"product-short-descr\"><p>Silicona Fluida Emulsionada Aromatizada, protegen renueva y abrillanta superficies de cuero y pl\u00e1sticos como vinilo, poliuretano, caucho, etc.<\/p><\/div>\r\n\t\t\t<\/div>\r\n\r\n<\/div><div id=\"product_archive_nav\" class=\"product-archive-nav green-box ic-design\"><ul>\n<li class=\"active\" data-page=\"1\"><a href=\"https:\/\/faoenva.cl\/catalogo\/wp-json\/wp\/v2\/pages\/6\/\">1<\/a><\/li> \n<li class=\"last-num\" data-page=\"2\"><a href=\"https:\/\/faoenva.cl\/catalogo\/wp-json\/wp\/v2\/pages\/6\/page\/2\/\">2<\/a><\/li> \n<li class=\"next-page\" data-page=\"2\"><a href=\"https:\/\/faoenva.cl\/catalogo\/wp-json\/wp\/v2\/pages\/6\/page\/2\/\" ><span>P\u00e1gina Siguiente >><\/span><\/a><\/li> \n<\/ul><\/div>\n    <span class=\"clear\"><\/span>\r\n\t<\/div>            <\/div>\n\t\t\t\n","protected":false},"excerpt":{"rendered":"","protected":false},"author":1,"featured_media":43,"parent":0,"menu_order":1,"comment_status":"closed","ping_status":"closed","template":"","meta":{"footnotes":""},"class_list":{"0":"post-6","1":"page","2":"type-page","3":"status-publish","5":"hentry"},"_links":{"self":[{"href":"https:\/\/faoenva.cl\/catalogo\/wp-json\/wp\/v2\/pages\/6","targetHints":{"allow":["GET"]}}],"collection":[{"href":"https:\/\/faoenva.cl\/catalogo\/wp-json\/wp\/v2\/pages"}],"about":[{"href":"https:\/\/faoenva.cl\/catalogo\/wp-json\/wp\/v2\/types\/page"}],"author":[{"embeddable":true,"href":"https:\/\/faoenva.cl\/catalogo\/wp-json\/wp\/v2\/users\/1"}],"replies":[{"embeddable":true,"href":"https:\/\/faoenva.cl\/catalogo\/wp-json\/wp\/v2\/comments?post=6"}],"version-history":[{"count":1,"href":"https:\/\/faoenva.cl\/catalogo\/wp-json\/wp\/v2\/pages\/6\/revisions"}],"predecessor-version":[{"id":39,"href":"https:\/\/faoenva.cl\/catalogo\/wp-json\/wp\/v2\/pages\/6\/revisions\/39"}],"wp:featuredmedia":[{"embeddable":true,"href":"https:\/\/faoenva.cl\/catalogo\/wp-json\/wp\/v2\/media\/43"}],"wp:attachment":[{"href":"https:\/\/faoenva.cl\/catalogo\/wp-json\/wp\/v2\/media?parent=6"}],"curies":[{"name":"wp","href":"https:\/\/api.w.org\/{rel}","templated":true}]}}