{"id":37,"date":"2022-10-19T01:32:30","date_gmt":"2022-10-19T01:32:30","guid":{"rendered":"https:\/\/faoenva.cl\/catalogo\/?page_id=37"},"modified":"2023-01-15T22:42:00","modified_gmt":"2023-01-15T22:42:00","slug":"inicio","status":"publish","type":"page","link":"https:\/\/faoenva.cl\/catalogo\/","title":{"rendered":"Inicio"},"content":{"rendered":"<div class=\"wp-block-image\">\n<figure class=\"aligncenter size-full is-resized\"><img loading=\"lazy\" decoding=\"async\" src=\"https:\/\/faoenva.cl\/catalogo\/wp-content\/uploads\/2022\/10\/faoenva.png\" alt=\"\" class=\"wp-image-41\" width=\"443\" height=\"406\" srcset=\"https:\/\/faoenva.cl\/catalogo\/wp-content\/uploads\/2022\/10\/faoenva.png 900w, https:\/\/faoenva.cl\/catalogo\/wp-content\/uploads\/2022\/10\/faoenva-300x275.png 300w, https:\/\/faoenva.cl\/catalogo\/wp-content\/uploads\/2022\/10\/faoenva-768x703.png 768w, https:\/\/faoenva.cl\/catalogo\/wp-content\/uploads\/2022\/10\/faoenva-600x549.png 600w, https:\/\/faoenva.cl\/catalogo\/wp-content\/uploads\/2022\/10\/faoenva-175x160.png 175w\" sizes=\"auto, (max-width: 443px) 100vw, 443px\" \/><\/figure>\n<\/div>\n\n\n<p class=\"has-text-align-center\">Constituida a principio de los a\u00f1os 90, tenemos una larga trayectoria como envasadores. Francisco Antonio Ortega es de las primeras personas que aprendieron el arte del envasado en nuestro pa\u00eds y desde entonces nos hemos situado dentro de los mejores envasadores por nuestra calidad y rapidez. Con una ubicaci\u00f3n favorable para el estacionamiento, carga y descarga de camiones y estamos ubicados a pocos minutos del centro de la capital.<br>Le podemos orientar profesionalmente con respecto a sus productos y aportar con nuevas ideas para su beneficio. Muchas grandes empresas no reciben las mercader\u00edas si son menores a la cantidad que ellos estipulan, es por eso que nosotros no exigimos un m\u00ednimo de unidades por producto, ya que estamos concientes que muchas veces se necesitan pocas unidades para completar un pedido o entregar de manera urgente, pudiendo as\u00ed ayudar a impulsar las Pymes en nuestro pa\u00eds.<br>Adem\u00e1s hacemos todo lo posible por entregar la mercader\u00eda a la brevedad, ya que sabemos que nuestra clientela necesita una buena atenci\u00f3n. En cuanto a la calidad de nuestros productos, usted se dar\u00e1 cuenta de la diferencia que puede haber en relaci\u00f3n a otros del mercado o anteriormente envasado por usted, ya que nos preocupamos por la buena calidad \u00a1Los esperamos!<\/p>\n\n\n\n<p>Nuestra Empresa<\/p>\n\n\n\n<figure class=\"wp-block-image size-large\"><img loading=\"lazy\" decoding=\"async\" width=\"1024\" height=\"394\" src=\"https:\/\/faoenva.cl\/catalogo\/wp-content\/uploads\/2023\/01\/FACHADA-1024x394.jpg\" alt=\"\" class=\"wp-image-103\" srcset=\"https:\/\/faoenva.cl\/catalogo\/wp-content\/uploads\/2023\/01\/FACHADA-1024x394.jpg 1024w, https:\/\/faoenva.cl\/catalogo\/wp-content\/uploads\/2023\/01\/FACHADA-300x116.jpg 300w, https:\/\/faoenva.cl\/catalogo\/wp-content\/uploads\/2023\/01\/FACHADA-768x296.jpg 768w, https:\/\/faoenva.cl\/catalogo\/wp-content\/uploads\/2023\/01\/FACHADA-600x231.jpg 600w, https:\/\/faoenva.cl\/catalogo\/wp-content\/uploads\/2023\/01\/FACHADA-280x108.jpg 280w, https:\/\/faoenva.cl\/catalogo\/wp-content\/uploads\/2023\/01\/FACHADA.jpg 1535w\" sizes=\"auto, (max-width: 1024px) 100vw, 1024px\" \/><\/figure>\n","protected":false},"excerpt":{"rendered":"<p>Constituida a principio de los a\u00f1os 90, tenemos una larga trayectoria como envasadores. Francisco Antonio Ortega es de las primeras personas que aprendieron el arte del envasado en nuestro pa\u00eds<\/p>\n","protected":false},"author":1,"featured_media":0,"parent":0,"menu_order":0,"comment_status":"closed","ping_status":"closed","template":"","meta":{"footnotes":""},"class_list":{"1":"page","2":"type-page","3":"status-publish","4":"hentry"},"_links":{"self":[{"href":"https:\/\/faoenva.cl\/catalogo\/wp-json\/wp\/v2\/pages\/37","targetHints":{"allow":["GET"]}}],"collection":[{"href":"https:\/\/faoenva.cl\/catalogo\/wp-json\/wp\/v2\/pages"}],"about":[{"href":"https:\/\/faoenva.cl\/catalogo\/wp-json\/wp\/v2\/types\/page"}],"author":[{"embeddable":true,"href":"https:\/\/faoenva.cl\/catalogo\/wp-json\/wp\/v2\/users\/1"}],"replies":[{"embeddable":true,"href":"https:\/\/faoenva.cl\/catalogo\/wp-json\/wp\/v2\/comments?post=37"}],"version-history":[{"count":5,"href":"https:\/\/faoenva.cl\/catalogo\/wp-json\/wp\/v2\/pages\/37\/revisions"}],"predecessor-version":[{"id":128,"href":"https:\/\/faoenva.cl\/catalogo\/wp-json\/wp\/v2\/pages\/37\/revisions\/128"}],"wp:attachment":[{"href":"https:\/\/faoenva.cl\/catalogo\/wp-json\/wp\/v2\/media?parent=37"}],"curies":[{"name":"wp","href":"https:\/\/api.w.org\/{rel}","templated":true}]}}