{"id":34,"date":"2022-10-19T01:28:49","date_gmt":"2022-10-19T01:28:49","guid":{"rendered":"https:\/\/faoenva.cl\/catalogo\/?page_id=34"},"modified":"2023-01-15T22:42:12","modified_gmt":"2023-01-15T22:42:12","slug":"contacto","status":"publish","type":"page","link":"https:\/\/faoenva.cl\/catalogo\/contacto\/","title":{"rendered":"Contacto"},"content":{"rendered":"<div class=\"wp-block-image\">\n<figure class=\"aligncenter size-full is-resized\"><img loading=\"lazy\" decoding=\"async\" src=\"https:\/\/faoenva.cl\/catalogo\/wp-content\/uploads\/2022\/10\/faoenva.png\" alt=\"\" class=\"wp-image-41\" width=\"538\" height=\"492\" srcset=\"https:\/\/faoenva.cl\/catalogo\/wp-content\/uploads\/2022\/10\/faoenva.png 900w, https:\/\/faoenva.cl\/catalogo\/wp-content\/uploads\/2022\/10\/faoenva-300x275.png 300w, https:\/\/faoenva.cl\/catalogo\/wp-content\/uploads\/2022\/10\/faoenva-768x703.png 768w, https:\/\/faoenva.cl\/catalogo\/wp-content\/uploads\/2022\/10\/faoenva-600x549.png 600w, https:\/\/faoenva.cl\/catalogo\/wp-content\/uploads\/2022\/10\/faoenva-175x160.png 175w\" sizes=\"auto, (max-width: 538px) 100vw, 538px\" \/><\/figure>\n<\/div>\n\n\n<p>.<\/p>\n\n\n\n<p><\/p>\n\n\n\n<p>FAOENVA Envasado y Ferreter\u00eda<\/p>\n\n\n\n<p>Lircay 401 &#8211; Metro Einstein<br>Recoleta Santiago de Chile<\/p>\n\n\n\n<p>Tel\u00e9fono (56)226220517<\/p>\n\n\n\n<p>e-mail: faoenva@gmail.com<\/p>\n\n\n\n<p>Celulares de Cont\u00e1cto:<br>Francisco Ortega<br>+56991263036<\/p>\n\n\n\n<p>Whatssap de Contacto +56962441932<\/p>\n\n\n\n<figure class=\"wp-block-image size-full\"><a href=\"https:\/\/www.google.cl\/maps\/place\/Lircay+401,+Recoleta,+Regi%C3%B3n+Metropolitana\/@-33.4054242,-70.6392691,17z\/data=!3m1!4b1!4m5!3m4!1s0x9662c5e3e3a9e501:0x2df8a878634ffd23!8m2!3d-33.4054242!4d-70.6392691\"><img loading=\"lazy\" decoding=\"async\" width=\"454\" height=\"364\" src=\"https:\/\/faoenva.cl\/catalogo\/wp-content\/uploads\/2022\/10\/image.png\" alt=\"\" class=\"wp-image-35\" srcset=\"https:\/\/faoenva.cl\/catalogo\/wp-content\/uploads\/2022\/10\/image.png 454w, https:\/\/faoenva.cl\/catalogo\/wp-content\/uploads\/2022\/10\/image-300x241.png 300w, https:\/\/faoenva.cl\/catalogo\/wp-content\/uploads\/2022\/10\/image-200x160.png 200w\" sizes=\"auto, (max-width: 454px) 100vw, 454px\" \/><\/a><\/figure>\n\n\n","protected":false},"excerpt":{"rendered":"<p>. FAOENVA Envasado y Ferreter\u00eda Lircay 401 &#8211; Metro EinsteinRecoleta Santiago de Chile Tel\u00e9fono (56)226220517 e-mail: faoenva@gmail.com Celulares de Cont\u00e1cto:Francisco Ortega+56991263036 Whatssap de Contacto +56962441932<\/p>\n","protected":false},"author":1,"featured_media":0,"parent":0,"menu_order":7,"comment_status":"closed","ping_status":"closed","template":"","meta":{"footnotes":""},"class_list":{"1":"page","2":"type-page","3":"status-publish","4":"hentry"},"_links":{"self":[{"href":"https:\/\/faoenva.cl\/catalogo\/wp-json\/wp\/v2\/pages\/34","targetHints":{"allow":["GET"]}}],"collection":[{"href":"https:\/\/faoenva.cl\/catalogo\/wp-json\/wp\/v2\/pages"}],"about":[{"href":"https:\/\/faoenva.cl\/catalogo\/wp-json\/wp\/v2\/types\/page"}],"author":[{"embeddable":true,"href":"https:\/\/faoenva.cl\/catalogo\/wp-json\/wp\/v2\/users\/1"}],"replies":[{"embeddable":true,"href":"https:\/\/faoenva.cl\/catalogo\/wp-json\/wp\/v2\/comments?post=34"}],"version-history":[{"count":5,"href":"https:\/\/faoenva.cl\/catalogo\/wp-json\/wp\/v2\/pages\/34\/revisions"}],"predecessor-version":[{"id":129,"href":"https:\/\/faoenva.cl\/catalogo\/wp-json\/wp\/v2\/pages\/34\/revisions\/129"}],"wp:attachment":[{"href":"https:\/\/faoenva.cl\/catalogo\/wp-json\/wp\/v2\/media?parent=34"}],"curies":[{"name":"wp","href":"https:\/\/api.w.org\/{rel}","templated":true}]}}