{"id":30,"date":"2022-10-19T01:26:23","date_gmt":"2022-10-19T01:26:23","guid":{"rendered":"https:\/\/faoenva.cl\/catalogo\/?page_id=30"},"modified":"2022-12-30T02:38:11","modified_gmt":"2022-12-30T02:38:11","slug":"matrices","status":"publish","type":"page","link":"https:\/\/faoenva.cl\/catalogo\/matrices\/","title":{"rendered":"Matrices"},"content":{"rendered":"\n<p>Se realiza un prototipo inicial y aprob\u00e1ndose este se realiza la matriz con las medidas acordadas. Estas pueden ser de resina, madera o t\u00e9cnica mixta y montada en metal. Las matrices se usan tanto para burbujas (llamadas tambi\u00e9n termoformado o c\u00e1psula) y se aplica en envasados como el blister o capturado, aunque tambi\u00e9n se le dan otros usos&#8230; el l\u00edmite lo da la imaginaci\u00f3n.<\/p>\n\n\n\n<figure class=\"wp-block-image size-large is-resized is-style-default\"><img loading=\"lazy\" decoding=\"async\" src=\"https:\/\/faoenva.cl\/catalogo\/wp-content\/uploads\/2022\/12\/000-matrices-690x1024.jpg\" alt=\"\" class=\"wp-image-95\" width=\"345\" height=\"512\" srcset=\"https:\/\/faoenva.cl\/catalogo\/wp-content\/uploads\/2022\/12\/000-matrices-690x1024.jpg 690w, https:\/\/faoenva.cl\/catalogo\/wp-content\/uploads\/2022\/12\/000-matrices-202x300.jpg 202w, https:\/\/faoenva.cl\/catalogo\/wp-content\/uploads\/2022\/12\/000-matrices-768x1139.jpg 768w, https:\/\/faoenva.cl\/catalogo\/wp-content\/uploads\/2022\/12\/000-matrices-1035x1536.jpg 1035w, https:\/\/faoenva.cl\/catalogo\/wp-content\/uploads\/2022\/12\/000-matrices-404x600.jpg 404w, https:\/\/faoenva.cl\/catalogo\/wp-content\/uploads\/2022\/12\/000-matrices-108x160.jpg 108w, https:\/\/faoenva.cl\/catalogo\/wp-content\/uploads\/2022\/12\/000-matrices.jpg 1332w\" sizes=\"auto, (max-width: 345px) 100vw, 345px\" \/><\/figure>\n\n\n\n<figure class=\"wp-block-image size-large is-resized\"><img loading=\"lazy\" decoding=\"async\" src=\"https:\/\/faoenva.cl\/catalogo\/wp-content\/uploads\/2022\/12\/000-matriz-579x1024.jpg\" alt=\"\" class=\"wp-image-96\" width=\"347\" height=\"613\" srcset=\"https:\/\/faoenva.cl\/catalogo\/wp-content\/uploads\/2022\/12\/000-matriz-579x1024.jpg 579w, https:\/\/faoenva.cl\/catalogo\/wp-content\/uploads\/2022\/12\/000-matriz-170x300.jpg 170w, https:\/\/faoenva.cl\/catalogo\/wp-content\/uploads\/2022\/12\/000-matriz-768x1358.jpg 768w, https:\/\/faoenva.cl\/catalogo\/wp-content\/uploads\/2022\/12\/000-matriz-869x1536.jpg 869w, https:\/\/faoenva.cl\/catalogo\/wp-content\/uploads\/2022\/12\/000-matriz-339x600.jpg 339w, https:\/\/faoenva.cl\/catalogo\/wp-content\/uploads\/2022\/12\/000-matriz-90x160.jpg 90w, https:\/\/faoenva.cl\/catalogo\/wp-content\/uploads\/2022\/12\/000-matriz.jpg 1104w\" sizes=\"auto, (max-width: 347px) 100vw, 347px\" \/><\/figure>\n","protected":false},"excerpt":{"rendered":"<p>Se realiza un prototipo inicial y aprob\u00e1ndose este se realiza la matriz con las medidas acordadas. Estas pueden ser de resina, madera o t\u00e9cnica mixta y montada en metal. Las<\/p>\n","protected":false},"author":1,"featured_media":0,"parent":0,"menu_order":4,"comment_status":"closed","ping_status":"closed","template":"","meta":{"footnotes":""},"class_list":{"1":"page","2":"type-page","3":"status-publish","4":"hentry"},"_links":{"self":[{"href":"https:\/\/faoenva.cl\/catalogo\/wp-json\/wp\/v2\/pages\/30","targetHints":{"allow":["GET"]}}],"collection":[{"href":"https:\/\/faoenva.cl\/catalogo\/wp-json\/wp\/v2\/pages"}],"about":[{"href":"https:\/\/faoenva.cl\/catalogo\/wp-json\/wp\/v2\/types\/page"}],"author":[{"embeddable":true,"href":"https:\/\/faoenva.cl\/catalogo\/wp-json\/wp\/v2\/users\/1"}],"replies":[{"embeddable":true,"href":"https:\/\/faoenva.cl\/catalogo\/wp-json\/wp\/v2\/comments?post=30"}],"version-history":[{"count":4,"href":"https:\/\/faoenva.cl\/catalogo\/wp-json\/wp\/v2\/pages\/30\/revisions"}],"predecessor-version":[{"id":99,"href":"https:\/\/faoenva.cl\/catalogo\/wp-json\/wp\/v2\/pages\/30\/revisions\/99"}],"wp:attachment":[{"href":"https:\/\/faoenva.cl\/catalogo\/wp-json\/wp\/v2\/media?parent=30"}],"curies":[{"name":"wp","href":"https:\/\/api.w.org\/{rel}","templated":true}]}}