{"id":25,"date":"2022-10-19T01:25:28","date_gmt":"2022-10-19T01:25:28","guid":{"rendered":"https:\/\/faoenva.cl\/catalogo\/?page_id=25"},"modified":"2022-11-19T18:14:47","modified_gmt":"2022-11-19T18:14:47","slug":"tipos-de-envasado","status":"publish","type":"page","link":"https:\/\/faoenva.cl\/catalogo\/tipos-de-envasado\/","title":{"rendered":"Tipos de Envasado"},"content":{"rendered":"\n<figure class=\"wp-block-image\"><a href=\"https:\/\/faoenva.cl\/skin\/skin.jpg\"><img decoding=\"async\" src=\"https:\/\/faoenva.cl\/skin\/skin.jpg\" alt=\"SKIN\"\/><\/a><\/figure>\n\n\n\n<p>SKIN: El P.V.C. cubre todo el producto y cart\u00f3n, a trav\u00e9s de las microperforaciones realizadas al cart\u00f3n, se retira todo el aire (sellado al vac\u00edo), lo que permite una mejor mantenci\u00f3n del producto y sus propiedades. No se requiere matricer\u00eda.<\/p>\n\n\n\n<figure class=\"wp-block-image\"><a href=\"https:\/\/faoenva.cl\/skin\/dobleskin.jpg\"><img decoding=\"async\" src=\"https:\/\/faoenva.cl\/skin\/dobleskin.jpg\" alt=\"DOBLE SKIN\"\/><\/a><\/figure>\n\n\n\n<p>DOBLE SKIN: Idem anterior, pero el P.V.C. va tambi\u00e9n al reversoy queda una pesta\u00f1a transparente rodeando el cart\u00f3n. Similar al alta frecuencia, pero sellado al vac\u00edo. No requiere matricer\u00eda ni sellos.<\/p>\n\n\n\n<figure class=\"wp-block-image\"><a href=\"https:\/\/faoenva.cl\/skin\/blister.jpg\"><img decoding=\"async\" src=\"https:\/\/faoenva.cl\/skin\/blister.jpg\" alt=\"SKIN\"\/><\/a><\/figure>\n\n\n\n<p>BLISTER: La burbuja (termoformado) contiene el producto, pudiendo ir 1 o m\u00e1s unidades. El P.V.C. solo se adhiere por una pesta\u00f1a al cart\u00f3n. El cart\u00f3n no lleva microperforado. Costo inicial: Prototipo y matriz Lo ideal es que se adapte a alguna (s) de nuestras burbujas para que no tenga que incurrir en costos de matricer\u00eda ni troquel. El sello es aportado por nuestra empresa.<\/p>\n\n\n\n<figure class=\"wp-block-image\"><a href=\"https:\/\/faoenva.cl\/skin\/capturado.jpg\"><img decoding=\"async\" src=\"https:\/\/faoenva.cl\/skin\/capturado.jpg\" alt=\"SKIN\"\/><\/a><\/figure>\n\n\n\n<p>CAPTURADO: Al igual que el anterior, pero el cart\u00f3n va en ambos lados de la burbuja (como un sandwich) capturando el termoformado mejorando su seguridad y presentaci\u00f3n. Costo inicial: Prototipo y matriz. Lo ideal es que se adapte a alguna (s) de nuestras burbujas para que no tenga que incurrir en costos.<\/p>\n","protected":false},"excerpt":{"rendered":"<p>SKIN: El P.V.C. cubre todo el producto y cart\u00f3n, a trav\u00e9s de las microperforaciones realizadas al cart\u00f3n, se retira todo el aire (sellado al vac\u00edo), lo que permite una mejor<\/p>\n","protected":false},"author":1,"featured_media":0,"parent":0,"menu_order":2,"comment_status":"closed","ping_status":"closed","template":"","meta":{"footnotes":""},"class_list":{"1":"page","2":"type-page","3":"status-publish","4":"hentry"},"_links":{"self":[{"href":"https:\/\/faoenva.cl\/catalogo\/wp-json\/wp\/v2\/pages\/25","targetHints":{"allow":["GET"]}}],"collection":[{"href":"https:\/\/faoenva.cl\/catalogo\/wp-json\/wp\/v2\/pages"}],"about":[{"href":"https:\/\/faoenva.cl\/catalogo\/wp-json\/wp\/v2\/types\/page"}],"author":[{"embeddable":true,"href":"https:\/\/faoenva.cl\/catalogo\/wp-json\/wp\/v2\/users\/1"}],"replies":[{"embeddable":true,"href":"https:\/\/faoenva.cl\/catalogo\/wp-json\/wp\/v2\/comments?post=25"}],"version-history":[{"count":2,"href":"https:\/\/faoenva.cl\/catalogo\/wp-json\/wp\/v2\/pages\/25\/revisions"}],"predecessor-version":[{"id":59,"href":"https:\/\/faoenva.cl\/catalogo\/wp-json\/wp\/v2\/pages\/25\/revisions\/59"}],"wp:attachment":[{"href":"https:\/\/faoenva.cl\/catalogo\/wp-json\/wp\/v2\/media?parent=25"}],"curies":[{"name":"wp","href":"https:\/\/api.w.org\/{rel}","templated":true}]}}